{"id":2017,"date":"2022-07-26T16:26:10","date_gmt":"2022-07-26T14:26:10","guid":{"rendered":"https:\/\/mkrot.web.amu.edu.pl\/?page_id=2017"},"modified":"2022-07-26T16:26:10","modified_gmt":"2022-07-26T14:26:10","slug":"weronika-dziegielewska","status":"publish","type":"page","link":"https:\/\/tifp.amu.edu.pl\/?page_id=2017&lang=en","title":{"rendered":"Weronika Dzi\u0119gielewska"},"content":{"rendered":"<p style=\"text-align: justify;\"><strong><a href=\"https:\/\/mkrot.web.amu.edu.pl\/wp-content\/uploads\/2022\/07\/WD.jpg\"><img loading=\"lazy\" decoding=\"async\" class=\"size-medium wp-image-2018 alignleft\" src=\"https:\/\/mkrot.web.amu.edu.pl\/wp-content\/uploads\/2022\/07\/WD-207x300.jpg\" alt=\"Weronika Dzi\u0119gielewska's Portrait\" width=\"207\" height=\"300\" srcset=\"https:\/\/tifp.amu.edu.pl\/wp-content\/uploads\/2022\/07\/WD-207x300.jpg 207w, https:\/\/tifp.amu.edu.pl\/wp-content\/uploads\/2022\/07\/WD.jpg 531w\" sizes=\"auto, (max-width: 207px) 100vw, 207px\" \/><\/a>Academic position:<\/strong>\u00a0PhD Candidate, Faculty of Law and Administration<br \/>\n<strong>Profession:<\/strong>\u00a0lawyer<br \/>\n<strong>E-mail:<\/strong>\u00a0weronika.dziegielewska@amu.edu.pl<br \/>\n<strong>Duty hours:<\/strong>\u00a0Tuesdays, 1pm-2pm (room 202 Collegium Iuridicum)<br \/>\n<strong>Academic interests:<\/strong>\u00a0pragmatist and analytical theories of law, philosophy of language, inferentialism, normativity of law, legal reasoning<\/p>\n<p style=\"text-align: justify;\">\n<p style=\"text-align: justify;\">\n<p style=\"text-align: justify;\"><strong>ACADEMIC PROFILE<\/strong><\/p>\n<p style=\"text-align: justify;\"><strong>I. Education<\/strong><\/p>\n<p style=\"text-align: justify;\"><strong>2018:<\/strong>\u00a0<strong>M.A. in Law<\/strong>, Adam Mickiewicz University, Faculty of Law and Administration; Dissertation title: \u2018<em>Contemporary concepts of\u00a0 normativity of law versus the notion of validity in Poznan school of legal theory\u2019<\/em>, supervisor: professor Marek Smolak, PhD<\/p>\n<p style=\"text-align: justify;\"><strong>2019:<\/strong>\u00a0<strong>B.A. in Philosophy, <\/strong>Adam Mickiewicz University in Poznan, Poland, Institute of Philosophy; Dissertation title: \u2018<em>Normativity of law and intentionality. Scott Shapiro\u2019s analytical theory of law in a critical perspective\u2019<\/em>, supervisors: professor Karolina Cern, PhD and professor Piotr Makowski, PhD<\/p>\n<p style=\"text-align: justify;\"><strong>II. Publications<\/strong><\/p>\n<ol style=\"text-align: justify;\">\n<li><a href=\"https:\/\/link.springer.com\/chapter\/10.1007\/978-3-030-83841-6_4\"><em>Why Are We Bound by Evidence? On The Normative Stance of Legal Proof<\/em><\/a><em>,<\/em>w: Klappstein V., Dybowski M. (eds.) Theory of Legal Evidence \u2013 Evidence in Legal Theory. Law and Philosophy Library, vol 138. Springer<\/li>\n<li><a href=\"https:\/\/pressto.amu.edu.pl\/index.php\/rpeis\/article\/view\/24728\"><em>Normatywno\u015b\u0107 obowi\u0105zywania norm prawnych w koncepcji pozna\u0144sko-szczeci\u0144skiej szko\u0142y teorii prawa. Perspektywa pragmatyzmu analitycznego<\/em><\/a><em>, <\/em>Ruch Prawniczy, Ekonomiczny i Socjologiczny,\u00a0<em>82<\/em>(2), pp. 91-107.<\/li>\n<\/ol>\n<p style=\"text-align: justify;\"><strong>III. Conference Presentations<\/strong><\/p>\n<ol style=\"text-align: justify;\">\n<li>2022 IVR World Congress\u201c<em>Justice, Community and Freedom<\/em>\u201d,\u00a0Dimitrie Cantemir Christian University in Bucharest, Romania (3-8 VII 2022); presentation: \u00a0<em>\u201eWhat is practical about law\u2019s normativity (and why it is the other way round)\u201d<\/em>\u00a0during the Special Workshop <em>\u201cIntersections of the Practices: Linguistic, Social, Legal\u201d <\/em>co-organized with mgr. Wojciech Rzepi\u0144ski (UAM);<\/li>\n<li>2022 IVR World Congress\u201c<em>Justice, Community and Freedom<\/em>\u201d,\u00a0Dimitrie Cantemir Christian University in Bucharest, Romania (3-8 VII 2022); presentation:\u00a0\u201e<em>Normativity of Law and the Normative Vocabularies in Law. A Pragmatist Route From Legal Situations to Legal Norms<\/em>\u201d\u00a0during the Special Workshop \u201c<em>Languages of the law:\u00a0vocabularies and uses<\/em>\u201dorganized by dr. Maciej Dybowski (UAM) and dr Verena Klappstein (University of Passau);<\/li>\n<li>International Conference \u2018Argumentation 2021\u2019,\u00a0Masaryk University in Brno (22 X 2021); presentation title: \u201e<em>The Normativity of Legal Discursive Practice: On the Third Scope of Reason-Giving<\/em><em>\u201e;<\/em><\/li>\n<li>2019 IVR World Congress\u00a0\u201c<em>Dignity, Democracy, Diversity<\/em>\u201d, University of Lucerne, Switzerland (7-12 July 2019); presentation: <em>\u201cWhy Are We Bound by Evidence? On The Normative Stance of Legal Proof\u201d,<\/em> during the Special Workshop \u201c<em>Theory of Legal Evidence. Evidence in Legal Theory\u201d<\/em> organized by dr. Maciej Dybowski (UAM) and dr Verena Klappstein (University of Passau);<\/li>\n<li>International workshop\u201e<em>Evidence in Law and Ethics<\/em>\u201d,\u00a0 Jagiellonian University in Krakow, Poland (4-5 IV 2019); presentation (co-authored with M. Dybowski and W. Rzepi\u0144ski):\u00a0\u201e<a href=\"http:\/\/www.incet.uj.edu.pl\/wp-content\/uploads\/2019\/03\/Dybowski-Dzi%C4%99gielewska-Rzepi%C5%84ski.pdf\"><em>Reclaiming Evidence \u2013 On Exchanging Reasons in Legal Practice<\/em><\/a>;<\/li>\n<li>Xth Meeting of Young Theoreticians and Philosophers of Law \u201e<em>Teoretyczne i praktyczne aspekty wyk\u0142adni prawa<\/em>\u201d [\u201cTheoretical and practical aspects of legal interpretation\u201d], University of Szczecin, Poland and the Polish Section of the International Association for Philosophy of Law and Social Philosophy (IVR), (24-25 V 2021); presentation title: \u201c<em>Konstytutywno\u015b\u0107 a regulacyjno\u015b\u0107 regu\u0142 wyk\u0142adni w derywacyjnej koncepcji wyk\u0142adni prawa<\/em>\u201d [\u201eConstitutive and regulative character of the rules of interpretation in the derivative theory of legal interpretation\u201d];<\/li>\n<li>National Conference: \u201e<em>Pozna\u0144ska teoria prawa. <\/em><em>Recepcja i polemiki<\/em>\u201d [\u201cPoznan School of Legal Theory \u2013 reception and critique\u201d], UAM (2 VI 2017); presentation title: \u201e<em>Idealizacja i konkretyzacja w kontek\u015bcie wyk\u0142adni funkcjonalnej\u201d <\/em>[\u201eIdealization and substantiation in the context of functional interpretation\u201d], speaker and organizer;<\/li>\n<li>National Conference: \u201c <em>Racjonalno\u015b\u0107 i rozumno\u015b\u0107 w uj\u0119ciu J. Rawlsa a koncepcja racjonalnego prawodawcy<\/em>\u201d [\u201eRationality and reasonability in the account of J. Rawls and the concept of a rational legislator\u201d], UAM (Obrzycko, 21-23 IV 2017); presentation title: \u201e<em>Sfera publiczna i sfera prywatna w XXI wieku<\/em>\u201d [\u201ePublic and private spheres in XXI century\u201d]; speaker and organizer;<\/li>\n<li>(with W. Rzepi\u0144ski) Og\u00f3lnopolskie Sympozjum Filozoficzne \u201e<em>Demokracja-Praworz\u0105dno\u015b\u0107-Sprawiedliwo\u015b\u0107<\/em>\u201d [III National Philosophical Symposium \u201c<em>Democracy-Rule of Law-Justice<\/em>\u201d],\u00a0 UAM (Ci\u0105\u017ce\u0144, 1-3 VII 2016); presentation title:\u00a0<em>\u201e<\/em><em>Niekonkluzywno\u015b\u0107 aksjologiczna a dobro wsp\u00f3lne<\/em>\u201d \u201d [\u201eNon-conclusive values and the common good\u201d];<\/li>\n<li>(with W. Rzepi\u0144ski) National Conference: \u201e<em>Teoria jako praktyka. Zagadnienia teoretycznoprawne<\/em>\u201d [\u201cTheory as practice. The issues from theory of law<em>\u201d<\/em>], UAM (3 VI 2016); presentation title:\u00a0<em>\u201e<\/em><em>Prawodawstwo jako proces wymiany racji<\/em>\u201d [\u201eLegislative process as a practice of exchanging reasons<strong>\u201d<\/strong>] <em>speaker and organizer;<\/em><\/li>\n<li>National Conference: \u201e<em>Wyk\u0142adnia prawa. Zagadnienia teoretycznoprawne,<br \/>\nfilozoficznoprawne i dogmatycznoprawne<\/em>\u201d [\u201cLegal interpretation. The issues form legal theory, philosophy and dogmatics\u201d], University of Szczecin<br \/>\n(12 IV 2016); presentation title: \u201e<em>Dobro wsp\u00f3lne a niekonkluzywno\u015b\u0107 zasad prawa<\/em><em>\u201d <\/em>[\u201eCommon good and non-conclusivity of legal principles\u201d];<\/li>\n<li>International workshop on \u201c<em>Globalisation and Law II<\/em>\u201d: \u201e<em>Interculturalism, religious freedom, political community<\/em>\u201d , University of Navarra, Pamplona, Spain (21 X 2015);\u00a0 presentation title: \u201e<em>Common good in solving hard cases in the light of antropoarchical theory of law<\/em><em>\u201d;<\/em><\/li>\n<li>National Conference: \u201e<em>Prawo wobec pluralizmu kulturowego<\/em>\u201c[\u201cLaw and cultural pluralism\u201d], Cardinal Stefan Wyszynski University in Warsaw, Poland (15 V 2015); prezentacja eseju: \u201e<em>Sztuka a obraza uczu\u0107 religijnych w kontek\u015bcie antropoarchicznej teorii prawa<\/em><em>\u201d <\/em>[\u201eArt and blasphemy in the context of antopoarchic theory of law\u201d].<\/li>\n<li>International Conference: \u201c<em>Globalisation and Law<\/em>\u201d, University of Navarra, Pamplona, Spain (28 X 2014); presentation title: \u201e<em>Freedom of artistic expression as a blasphemy. Collision of freedoms<\/em><em>\u201d.<\/em><\/li>\n<\/ol>\n<p style=\"text-align: justify;\"><strong>III. Research stays<\/strong><\/p>\n<ol style=\"text-align: justify;\">\n<li>Visiting Researcher, Dartmouth College, Hanover, USA (VIII 2021-XII 2021)<\/li>\n<li>Erasmus+ Programme Grantee, University of Lisbon, Portugal (IV 2021-VII 2021)<\/li>\n<li>Erasmus+ Programme Grantee, Universita degli Studi di Milano, Italy (IX 2017-II 2018)<\/li>\n<li>International Human Rights Summer School, Mykolas Romeris University in Vilnius, Lithuania, organized as a part of a European Union (EU) funded project: &#8222;Europe After World War II: Multidimensional Effects of Integration as a Guarantee for State and Human Security&#8221; (WISE) (VII 2016)<\/li>\n<\/ol>\n<p><strong>IV. Research projects<\/strong><\/p>\n<p style=\"text-align: justify;\"><strong>2022 \u2013 \u2026:\u00a0<\/strong>Principal Investigator in the research project funded by the National Science Centre (Narodowe Centrum Nauki) \u2013 Preludium 20; title of the project: \u201e<a href=\"http:\/\/www.ncn.gov.pl\/sites\/default\/files\/listy-rankingowe\/2021-03-15bhga1\/streszczenia\/519548-pl.pdf\"><em>Semantyczna analiza racji w sytuacjach prawnych<\/em><\/a><em>\u201e <\/em>[\u201cSemantic analysis of reasons in legal situations\u201d], (2021\/41\/N\/HS5\/02507).<\/p>\n<p style=\"text-align: justify;\"><strong>2020 \u2013 \u2026:<\/strong> Co-Investigator in a research project funded by the National Science Centre (Narodowe Centrum Nauki) \u2013 Preludium 17; title of the project: \u00a0<em>\u201e<\/em><em>Inferencjalizm ustale\u0144 faktycznych w procesie stosowania prawa\u201d <\/em>[\u201cThe\u00a0inferentialist\u00a0account of\u00a0legal fact-finding\u00a0in\u00a0legal\u00a0decision-making process \u201d] (2019\/33\/N\/HS5\/01418).<\/p>\n<p style=\"text-align: justify;\"><strong>\u00a0V. <\/strong><strong>Research groups<\/strong><\/p>\n<p style=\"text-align: justify;\"><em>V.1. Research groups<\/em><\/p>\n<p style=\"text-align: justify;\"><strong>2018:\u00a0<\/strong>Participation in a research group on \u201e<em>Philosophy and history of communication<\/em>\u201d, under the supervision of professor Micha\u0142 Wendland, PhD<br \/>\n<strong>2016-2017:\u00a0<\/strong>Participation in a research group on \u201e<em>Public sphere and privacy<\/em>\u201d, under the supervision of professor Krzysztof Przybyszewski, PhD<\/p>\n<p style=\"text-align: justify;\"><em>V.2. Scientific cricles<\/em><\/p>\n<p style=\"text-align: justify;\"><strong>2016-2018:\u00a0<\/strong>Scientific Circle of the Students in Philosophy, public life section; member<br \/>\n<strong>2014-2018:\u00a0<\/strong>Zygmunt Ziembinski Scientific Circle of Theory and Philosophy of Law; founding member<\/p>\n<p style=\"text-align: justify;\"><strong>VI. Awards and scholarships<\/strong><\/p>\n<p style=\"text-align: justify;\"><strong>2021: <\/strong>Fulbright Junior Researcher Award<br \/>\n<strong>2020-2021: <\/strong>Grantee of the Scholarship for best Ph.D. students\u00a0of the UAM Rector<br \/>\n<strong>2019-2020: <\/strong>Grantee of the Scholarship for best Ph.D. students\u00a0of the UAM Rector<br \/>\n<strong>2017-2018:\u00a0<\/strong>Grantee of the Scholarship for best students of the UAM Rector, II grade<br \/>\n<strong>2016-2017:\u00a0<\/strong>Grantee of the Scholarship for best students of the UAM Rector, II grade <strong>2015-2016:<\/strong>\u00a0Grantee of the Scholarship for best students of the UAM Rector, III grade<\/p>\n<p style=\"text-align: justify;\"><strong>VII. Other courses and certificates<\/strong><\/p>\n<p style=\"text-align: justify;\"><strong>2013:\u00a0<\/strong><em>Certificate of Proficiency in English\u00a0<\/em>(level C2), University of Cambridge<\/p>\n","protected":false},"excerpt":{"rendered":"<p>Academic position:\u00a0PhD Candidate, Faculty of Law and Administration Profession:\u00a0lawyer E-mail:\u00a0weronika.dziegielewska@amu.edu.pl Duty hours:\u00a0Tuesdays, 1pm-2pm (room 202 Collegium Iuridicum) Academic interests:\u00a0pragmatist and analytical theories of law, philosophy of language, inferentialism, normativity of law, legal reasoning ACADEMIC PROFILE I. Education 2018:\u00a0M.A. in Law, &hellip; <a href=\"https:\/\/tifp.amu.edu.pl\/?page_id=2017&#038;lang=en\">Czytaj dalej <span class=\"meta-nav\">&rarr;<\/span><\/a><\/p>\n","protected":false},"author":4,"featured_media":0,"parent":1953,"menu_order":0,"comment_status":"closed","ping_status":"closed","template":"","meta":{"footnotes":""},"class_list":["post-2017","page","type-page","status-publish","hentry"],"_links":{"self":[{"href":"https:\/\/tifp.amu.edu.pl\/index.php?rest_route=\/wp\/v2\/pages\/2017","targetHints":{"allow":["GET"]}}],"collection":[{"href":"https:\/\/tifp.amu.edu.pl\/index.php?rest_route=\/wp\/v2\/pages"}],"about":[{"href":"https:\/\/tifp.amu.edu.pl\/index.php?rest_route=\/wp\/v2\/types\/page"}],"author":[{"embeddable":true,"href":"https:\/\/tifp.amu.edu.pl\/index.php?rest_route=\/wp\/v2\/users\/4"}],"replies":[{"embeddable":true,"href":"https:\/\/tifp.amu.edu.pl\/index.php?rest_route=%2Fwp%2Fv2%2Fcomments&post=2017"}],"version-history":[{"count":0,"href":"https:\/\/tifp.amu.edu.pl\/index.php?rest_route=\/wp\/v2\/pages\/2017\/revisions"}],"up":[{"embeddable":true,"href":"https:\/\/tifp.amu.edu.pl\/index.php?rest_route=\/wp\/v2\/pages\/1953"}],"wp:attachment":[{"href":"https:\/\/tifp.amu.edu.pl\/index.php?rest_route=%2Fwp%2Fv2%2Fmedia&parent=2017"}],"curies":[{"name":"wp","href":"https:\/\/api.w.org\/{rel}","templated":true}]}}