{"id":1933,"date":"2022-07-12T10:34:17","date_gmt":"2022-07-12T08:34:17","guid":{"rendered":"https:\/\/mkrot.web.amu.edu.pl\/?page_id=1933"},"modified":"2022-07-12T12:49:25","modified_gmt":"2022-07-12T10:49:25","slug":"department-head","status":"publish","type":"page","link":"https:\/\/tifp.amu.edu.pl\/?page_id=1933&lang=en","title":{"rendered":"Contact"},"content":{"rendered":"\n<h2 class=\"wp-block-heading\" style=\"font-size:16px\"><strong>DEPARTMENT HEAD:<\/strong><\/h2>\n\n\n\n<p><strong>prof. dr hab. Marek Smolak:<\/strong> <a>smolak@amu.edu.pl<\/a><\/p>\n\n\n\n<p><strong>OFFICE:<\/strong><\/p>\n\n\n\n<p><strong>mgr Beata Zi\u0119ba:<\/strong> <a>ktifp@amu.edu.pl<\/a>; bazie@amu.edu.pl<\/p>\n\n\n\n<p><strong>ADDRESS:<\/strong><\/p>\n\n\n\n<p>Department of Theory and Philosophy of Law<br>Faculty of Law and Administration<br>Adam Mickiewicz University, Pozna\u0144<br>Collegium Iuridicum<br>ul. \u015aw. Marcin 90, 61-809 Pozna\u0144<br>pok\u00f3j 202<br><strong><br>tel.: <\/strong>61 829 42 33<br><strong>e-mail:<\/strong> <a>ktifp@amu.edu.pl<\/a><br><strong>fb: <\/strong>https:\/\/www.facebook.com\/ktifpuam\/<\/p>\n\n\n\n<p><strong><br>WEBSITE:<\/strong><\/p>\n\n\n\n<p><strong>dr Micha\u0142 Krotoszy\u0144ski:<\/strong> <a>michal.krotoszynski@amu.edu.pl<\/a><\/p>\n\n\n\n<h2 class=\"wp-block-heading\"><\/h2>\n","protected":false},"excerpt":{"rendered":"<p>DEPARTMENT HEAD: prof. dr hab. Marek Smolak: smolak@amu.edu.pl OFFICE: mgr Beata Zi\u0119ba: ktifp@amu.edu.pl; bazie@amu.edu.pl ADDRESS: Department of Theory and Philosophy of LawFaculty of Law and AdministrationAdam Mickiewicz University, Pozna\u0144Collegium Iuridicumul. \u015aw. Marcin 90, 61-809 Pozna\u0144pok\u00f3j 202tel.: 61 829 42 33e-mail: &hellip; <a href=\"https:\/\/tifp.amu.edu.pl\/?page_id=1933&#038;lang=en\">Czytaj dalej <span class=\"meta-nav\">&rarr;<\/span><\/a><\/p>\n","protected":false},"author":4,"featured_media":0,"parent":0,"menu_order":0,"comment_status":"closed","ping_status":"closed","template":"","meta":{"footnotes":""},"class_list":["post-1933","page","type-page","status-publish","hentry"],"_links":{"self":[{"href":"https:\/\/tifp.amu.edu.pl\/index.php?rest_route=\/wp\/v2\/pages\/1933","targetHints":{"allow":["GET"]}}],"collection":[{"href":"https:\/\/tifp.amu.edu.pl\/index.php?rest_route=\/wp\/v2\/pages"}],"about":[{"href":"https:\/\/tifp.amu.edu.pl\/index.php?rest_route=\/wp\/v2\/types\/page"}],"author":[{"embeddable":true,"href":"https:\/\/tifp.amu.edu.pl\/index.php?rest_route=\/wp\/v2\/users\/4"}],"replies":[{"embeddable":true,"href":"https:\/\/tifp.amu.edu.pl\/index.php?rest_route=%2Fwp%2Fv2%2Fcomments&post=1933"}],"version-history":[{"count":0,"href":"https:\/\/tifp.amu.edu.pl\/index.php?rest_route=\/wp\/v2\/pages\/1933\/revisions"}],"wp:attachment":[{"href":"https:\/\/tifp.amu.edu.pl\/index.php?rest_route=%2Fwp%2Fv2%2Fmedia&parent=1933"}],"curies":[{"name":"wp","href":"https:\/\/api.w.org\/{rel}","templated":true}]}}